{"id":3,"date":"2022-09-15T09:28:32","date_gmt":"2022-09-15T09:28:32","guid":{"rendered":"https:\/\/ucranianos.es\/?page_id=3"},"modified":"2023-03-15T09:57:04","modified_gmt":"2023-03-15T09:57:04","slug":"privacy-policy","status":"publish","type":"page","link":"https:\/\/ucranianos.es\/es\/privacy-policy\/","title":{"rendered":"pol\u00edtica de privacidad"},"content":{"rendered":"<p><strong>A. Introducci\u00f3n<\/strong><\/p>\n\n\n\n<ol class=\"wp-block-list\">\n<li>La privacidad de los usuarios de nuestro sitio web es fundamental para nosotros y nos comprometemos a protegerla. Esta pol\u00edtica explica c\u00f3mo utilizamos su informaci\u00f3n personal.<\/li>\n\n\n\n<li>Al aceptar el uso de cookies en su primera visita a nuestro sitio web, de acuerdo con las disposiciones de estas Reglas, nos otorga permiso para utilizar cookies en cada una de sus visitas posteriores.<\/li>\n<\/ol>\n\n\n\n<p><strong>B. Derechos de propiedad intelectual<\/strong><br>Este documento fue creado utilizando una plantilla de SEQ Legal (seqlegal.com) y modificado por Website Planet (<a href=\"https:\/\/www.websiteplanet.com\/\" rel=\"nofollow noopener\" target=\"_blank\">www.websiteplanet.com<\/a>)<\/p>\n\n\n\n<p><strong>B. Recopilaci\u00f3n de datos personales<\/strong><\/p>\n\n\n\n<p>Los siguientes tipos de datos personales est\u00e1n sujetos a recopilaci\u00f3n, almacenamiento y uso:<\/p>\n\n\n\n<ol class=\"wp-block-list\">\n<li>Informaci\u00f3n sobre su computadora, incluyendo su direcci\u00f3n IP, ubicaci\u00f3n geogr\u00e1fica, tipo y versi\u00f3n del navegador y sistema operativo;<\/li>\n\n\n\n<li>Informaci\u00f3n sobre sus visitas y uso de este sitio web, incluidas las fuentes de referencia, la duraci\u00f3n de las visitas, las p\u00e1ginas visitadas y las rutas de navegaci\u00f3n del sitio;<\/li>\n\n\n\n<li>Informaci\u00f3n sobre su direcci\u00f3n de correo electr\u00f3nico que utiliz\u00f3 para registrarse en nuestro sitio web;<\/li>\n\n\n\n<li>Informaci\u00f3n que usted ingres\u00f3 al crear un perfil en nuestro sitio web, por ejemplo, su nombre, su foto de perfil, g\u00e9nero, fecha de nacimiento, estado civil, pasatiempos e intereses, educaci\u00f3n y lugar de trabajo;<\/li>\n\n\n\n<li>Informaci\u00f3n, como su nombre y direcci\u00f3n de correo electr\u00f3nico, que proporcion\u00f3 al suscribirse a nuestros correos electr\u00f3nicos y\/o boletines informativos;<\/li>\n\n\n\n<li>Informaci\u00f3n que usted ingres\u00f3 al utilizar los servicios de nuestro sitio web;<\/li>\n\n\n\n<li>Informaci\u00f3n generada al utilizar nuestro sitio web, incluyendo informaci\u00f3n sobre el tiempo, frecuencia y condiciones de su uso;<\/li>\n\n\n\n<li>Informaci\u00f3n sobre cualquier compra que realice, servicios utilizados o transacciones que realice a trav\u00e9s de nuestro sitio web, incluido su nombre, direcci\u00f3n, n\u00famero de tel\u00e9fono, direcci\u00f3n de correo electr\u00f3nico e informaci\u00f3n de tarjeta de cr\u00e9dito;<\/li>\n\n\n\n<li>Informaci\u00f3n que usted haya publicado en nuestro sitio con el prop\u00f3sito de publicarla en l\u00ednea, incluido su nombre de usuario, foto de perfil y el contenido de su publicaci\u00f3n;<\/li>\n\n\n\n<li>Informaci\u00f3n contenida en cualquier mensaje que nos env\u00ede por correo electr\u00f3nico o a trav\u00e9s de nuestro sitio web, incluido el contenido del mensaje y los metadatos;<\/li>\n\n\n\n<li>Cualquier otra informaci\u00f3n personal que nos haya enviado.<br>Antes de revelarnos informaci\u00f3n personal de un tercero, deber\u00e1 obtener el consentimiento de esa persona tanto para la divulgaci\u00f3n como para el procesamiento de dicha informaci\u00f3n de acuerdo con estas reglas.<\/li>\n<\/ol>\n\n\n\n<p>Antes de revelarnos informaci\u00f3n personal de un tercero, deber\u00e1 obtener el consentimiento de esa persona tanto para la divulgaci\u00f3n como para el procesamiento de dicha informaci\u00f3n de acuerdo con estas reglas.<\/p>\n\n\n\n<p><strong>D. Uso de su informaci\u00f3n personal<\/strong><\/p>\n\n\n\n<p>La informaci\u00f3n personal que nos proporcione a trav\u00e9s de nuestro sitio web se utilizar\u00e1 para los fines establecidos en esta pol\u00edtica o en las p\u00e1ginas correspondientes del sitio web. Podemos utilizar su informaci\u00f3n personal para los siguientes fines:<\/p>\n\n\n\n<ol class=\"wp-block-list\">\n<li>administrar nuestro sitio web y negocio;<\/li>\n\n\n\n<li>personalizar nuestro sitio web para usted;<\/li>\n\n\n\n<li>permiti\u00e9ndole utilizar los servicios disponibles en nuestro sitio web;<\/li>\n\n\n\n<li>enviarle productos adquiridos a trav\u00e9s de nuestro sitio web;<\/li>\n\n\n\n<li>brindarle servicios adquiridos a trav\u00e9s de nuestro sitio web;<\/li>\n\n\n\n<li>enviarle mensajes, facturas y recordatorios de pago, y recibir pagos de su parte;<\/li>\n\n\n\n<li>enviarle comunicaciones comerciales no comerciales;<\/li>\n\n\n\n<li>enviarle mensajes de correo electr\u00f3nico que haya solicitado espec\u00edficamente;<\/li>\n\n\n\n<li>enviarle un bolet\u00edn informativo por correo electr\u00f3nico si se ha suscrito al mismo (puede informarnos en cualquier momento que ya no desea recibir nuestros correos electr\u00f3nicos);<\/li>\n\n\n\n<li>enviarle comunicaciones de marketing sobre nuestro negocio o el negocio de terceros cuidadosamente seleccionados que creemos que pueden ser de su inter\u00e9s, mediante publicaciones o, si ha dado su consentimiento espec\u00edfico para ello, envi\u00e1ndole correos electr\u00f3nicos o utilizando tecnolog\u00edas similares (puede informarnos en cualquier momento que ya no desea recibir comunicaciones de marketing);<\/li>\n\n\n\n<li>proporcionar a empresas de terceros informaci\u00f3n estad\u00edstica sobre nuestros usuarios (sin embargo, estas empresas de terceros no podr\u00e1n identificar a ning\u00fan usuario individual a partir de estos datos);<\/li>\n\n\n\n<li>procesar solicitudes y quejas realizadas por usted o sobre usted en relaci\u00f3n con nuestro sitio web;<\/li>\n\n\n\n<li>para garantizar la seguridad de nuestro sitio y prevenir fraudes;<\/li>\n\n\n\n<li>para verificar el cumplimiento de los t\u00e9rminos y condiciones que rigen el uso de nuestro sitio web (incluido el monitoreo de los mensajes privados enviados a trav\u00e9s del servicio de mensajer\u00eda privada de nuestro sitio web); y<\/li>\n\n\n\n<li>para otros fines.<\/li>\n<\/ol>\n\n\n\n<p>Si nos ha proporcionado informaci\u00f3n personal para su publicaci\u00f3n en nuestro sitio web, la publicaremos. De lo contrario, la utilizaremos de acuerdo con la licencia que nos haya otorgado. Su configuraci\u00f3n de privacidad puede utilizarse para limitar la publicaci\u00f3n de su informaci\u00f3n personal en nuestro sitio web y puede ajustarse a trav\u00e9s de los controles de privacidad del sitio web. Sin su consentimiento expreso, no compartiremos su informaci\u00f3n personal con terceros para fines de marketing directo.<\/p>\n\n\n\n<p><strong>D. Divulgaci\u00f3n de informaci\u00f3n personal<\/strong>Nos reservamos el derecho a divulgar su informaci\u00f3n personal a cualquiera de nuestros empleados, directores, asegurados, asesores profesionales, agentes, proveedores o subcontratistas, en la medida y para los fines establecidos en estas normas. Nos reservamos el derecho a divulgar su informaci\u00f3n personal a cualquier miembro de nuestro grupo empresarial (incluidas nuestras filiales, nuestra sociedad matriz y todas sus filiales) en la medida y para los fines establecidos en estas normas. Nos reservamos el derecho a divulgar su informaci\u00f3n personal:<\/p>\n\n\n\n<ol class=\"wp-block-list\">\n<li>en los casos en que la ley nos lo exija;<\/li>\n\n\n\n<li>en relaci\u00f3n con cualquier procedimiento legal actual o futuro;<\/li>\n\n\n\n<li>para establecer, ejercer o defender nuestros derechos legales (incluido proporcionar informaci\u00f3n a otras partes para prevenir fraudes o reducir el riesgo crediticio);<\/li>\n\n\n\n<li>al comprador (o comprador potencial) de cualquier negocio o activo que estemos vendiendo (o tengamos la intenci\u00f3n de vender); y<\/li>\n\n\n\n<li>a cualquier persona que, en nuestra opini\u00f3n razonable, pudiera solicitar a un tribunal u otra autoridad competente la divulgaci\u00f3n de dichos datos personales y, en nuestra opini\u00f3n razonable, ese tribunal o autoridad competente ordenar\u00eda la divulgaci\u00f3n de dichos datos personales.<\/li>\n<\/ol>\n\n\n\n<p>No divulgaremos su informaci\u00f3n personal a terceros, excepto seg\u00fan lo especificado en estas reglas.<\/p>\n\n\n\n<p><strong>E. Transferencias internacionales de informaci\u00f3n personal<\/strong><\/p>\n\n\n\n<ol class=\"wp-block-list\">\n<li>La informaci\u00f3n que recopilamos puede almacenarse, procesarse y transferirse entre cualquier pa\u00eds en el que operemos para permitirnos utilizar dicha informaci\u00f3n de acuerdo con estas reglas.<\/li>\n\n\n\n<li>La informaci\u00f3n que recopilamos puede ser transferida a los siguientes pa\u00edses que no tienen leyes de protecci\u00f3n de datos equivalentes a las vigentes en el Espacio Econ\u00f3mico Europeo: Estados Unidos, Rusia, Jap\u00f3n, China e India.<\/li>\n\n\n\n<li>La informaci\u00f3n personal que publique en nuestro sitio web puede estar disponible en todo el mundo a trav\u00e9s de internet. No podemos evitar que terceros la utilicen o la usen indebidamente con fines delictivos.<\/li>\n\n\n\n<li>Al aceptar estas reglas, usted da su consentimiento a la transferencia de su informaci\u00f3n personal especificada en la secci\u00f3n E.<\/li>\n<\/ol>\n\n\n\n<p><strong>E. Retenci\u00f3n de informaci\u00f3n personal<\/strong><\/p>\n\n\n\n<ol class=\"wp-block-list\">\n<li>La Secci\u00f3n E establece las pol\u00edticas y procedimientos de la empresa para la conservaci\u00f3n de informaci\u00f3n personal. Estas pol\u00edticas y procedimientos est\u00e1n dise\u00f1ados para garantizar que cumplamos con nuestras obligaciones legales de conservaci\u00f3n y eliminaci\u00f3n de informaci\u00f3n personal.<\/li>\n\n\n\n<li>La informaci\u00f3n personal que procesamos para uno o m\u00e1s prop\u00f3sitos espec\u00edficos no debe conservarse durante m\u00e1s tiempo del necesario para lograr dicho prop\u00f3sito o prop\u00f3sitos.<\/li>\n\n\n\n<li>Sin limitar las disposiciones establecidas en la Secci\u00f3n E-2, generalmente eliminamos la informaci\u00f3n personal que entra en las categor\u00edas establecidas a continuaci\u00f3n en los d\u00edas y horarios que se establecen a continuaci\u00f3n:\n<ol class=\"wp-block-list\" type=\"a\">\n<li>La informaci\u00f3n personal se eliminar\u00e1 el {INSERTAR FECHA\/HORA}; y<\/li>\n\n\n\n<li>{INSERTAR FECHA\/HORA ADICIONAL}.<\/li>\n<\/ol>\n<\/li>\n\n\n\n<li>Sin perjuicio de las dem\u00e1s disposiciones de la Secci\u00f3n E, conservaremos los documentos (incluidos los documentos electr\u00f3nicos) que contengan informaci\u00f3n personal:\n<ol class=\"wp-block-list\" type=\"a\">\n<li>en los casos en que la ley nos lo exija;<\/li>\n\n\n\n<li>si creemos que estos documentos pueden ser relevantes para cualquier procedimiento legal actual o futuro; y<\/li>\n\n\n\n<li>para establecer, ejercer o defender nuestros derechos legales (incluido proporcionar informaci\u00f3n a otras partes para prevenir fraudes o reducir el riesgo crediticio).<\/li>\n<\/ol>\n<\/li>\n<\/ol>\n\n\n\n<p><strong>G. Protecci\u00f3n de su informaci\u00f3n personal<\/strong><\/p>\n\n\n\n<ol class=\"wp-block-list\">\n<li>Tomaremos medidas t\u00e9cnicas y organizativas suficientes para evitar la p\u00e9rdida, el uso il\u00edcito o la falsificaci\u00f3n de su informaci\u00f3n personal.<\/li>\n\n\n\n<li>Almacenaremos toda la informaci\u00f3n personal que nos proporcione en nuestros servidores seguros (tanto con contrase\u00f1a como con firewall).<\/li>\n\n\n\n<li>Todas las transacciones financieras electr\u00f3nicas realizadas a trav\u00e9s de nuestro sitio estar\u00e1n protegidas por tecnolog\u00eda de encriptaci\u00f3n de datos.<\/li>\n\n\n\n<li>Usted reconoce que la transmisi\u00f3n de informaci\u00f3n a trav\u00e9s de Internet es inherentemente insegura y no podemos garantizar la seguridad de los datos enviados a trav\u00e9s de la World Wide Web.<\/li>\n\n\n\n<li>Usted es el \u00fanico responsable de mantener la confidencialidad de su contrase\u00f1a para acceder a nuestro sitio web. Nunca le solicitaremos su contrase\u00f1a (excepto cuando intente iniciar sesi\u00f3n en su cuenta en nuestro sitio web).<\/li>\n<\/ol>\n\n\n\n<p><strong>P. Cambios y enmiendas<\/strong><\/p>\n\n\n\n<p>Nos reservamos el derecho a realizar cambios y modificaciones a estas reglas ocasionalmente y a publicar nuevas versiones en nuestro sitio web. Le recomendamos que consulte este sitio web peri\u00f3dicamente para asegurarse de comprender el contenido de los cambios realizados. Tambi\u00e9n podremos informarle sobre los cambios en estas reglas por correo electr\u00f3nico o a trav\u00e9s del sistema de mensajer\u00eda privada de nuestro sitio web.<\/p>\n\n\n\n<p><strong>I. Sus derechos<\/strong><\/p>\n\n\n\n<p>Usted puede solicitarnos que le proporcionemos cualquier informaci\u00f3n personal que tengamos sobre usted; dicha informaci\u00f3n se proporcionar\u00e1 en los siguientes casos:<\/p>\n\n\n\n<ol class=\"wp-block-list\">\n<li>pago de tarifas {INSERTAR NOMBRE DE LA TARIFA SI CORRESPONDE}; y<\/li>\n\n\n\n<li>proporcionando prueba apropiada de su identidad ({INGRESE TEXTO PARA MOSTRAR SUS REGLAS, generalmente aceptamos una fotocopia notariada de su pasaporte y una copia original de una factura de servicios p\u00fablicos para comprobar su direcci\u00f3n actual}).<\/li>\n<\/ol>\n\n\n\n<p>Nos reservamos el derecho a negarnos a proporcionar informaci\u00f3n si lo solicita, dentro de los l\u00edmites de la legislaci\u00f3n aplicable. Tiene derecho a solicitarnos que no procesemos su informaci\u00f3n personal con fines comerciales. En la pr\u00e1ctica, normalmente nos dar\u00e1 su consentimiento previo para que utilicemos su informaci\u00f3n personal con fines comerciales o le ofreceremos la oportunidad de optar por no utilizarla con fines comerciales.<\/p>\n\n\n\n<p><strong>I. Sitios web de terceros<\/strong><\/p>\n\n\n\n<p>Nuestro sitio web contiene hiperv\u00ednculos a sitios web de empresas y particulares de terceros, e informaci\u00f3n sobre ellos. No tenemos control ni nos responsabilizamos de las pol\u00edticas y pr\u00e1cticas de privacidad de dichas empresas y particulares.<\/p>\n\n\n\n<p><strong>J. Actualizaci\u00f3n de la informaci\u00f3n<\/strong><\/p>\n\n\n\n<p>Notif\u00edquenos lo antes posible si su informaci\u00f3n personal en nuestro poder necesita ser actualizada o corregida.<\/p>\n\n\n\n<p><strong>J. Cookies<\/strong><\/p>\n\n\n\n<p>Nuestro sitio web utiliza cookies. Una cookie es un archivo que contiene un identificador (una cadena de letras y n\u00fameros) que un servidor web env\u00eda a un navegador web y que este almacena. El identificador se devuelve al servidor cada vez que el navegador solicita una p\u00e1gina web. Las cookies pueden ser persistentes o de sesi\u00f3n: las persistentes se almacenan en el navegador y son v\u00e1lidas hasta su fecha de caducidad, a menos que el usuario las elimine antes. Las de sesi\u00f3n, por el contrario, se eliminan al finalizar la sesi\u00f3n en el sitio web o al cerrar el navegador. Las cookies no suelen contener informaci\u00f3n que identifique al usuario. Sin embargo, la informaci\u00f3n personal que tenemos sobre usted puede estar vinculada a la informaci\u00f3n almacenada y obtenida de las cookies. En nuestro sitio web utilizamos cookies persistentes y de sesi\u00f3n.<\/p>\n\n\n\n<ol class=\"wp-block-list\">\n<li>A continuaci\u00f3n se enumeran los nombres de las cookies que utilizamos en nuestro sitio web y los fines para los que se utilizan:\n<ol class=\"wp-block-list\" type=\"a\">\n<li>En nuestro sitio web utilizamos Google Analytics y Adwords para reconocer una computadora cuando un usuario visita el sitio web \/ rastrear la navegaci\u00f3n del usuario en el sitio web \/ permitir al usuario usar el carrito de compras en el sitio web \/ mejorar la usabilidad del sitio web \/ analizar el uso del sitio web \/ administrar el sitio web \/ prevenir el fraude y mejorar la seguridad del sitio \/ personalizar el sitio para cada usuario \/ orientar la publicidad que pueda ser de inter\u00e9s para usuarios individuales \/ especificar el (los) prop\u00f3sito(s);<\/li>\n<\/ol>\n<\/li>\n\n\n\n<li>La mayor\u00eda de los navegadores le ofrecen la opci\u00f3n de rechazar el uso de cookies, por ejemplo:\n<ol class=\"wp-block-list\" type=\"a\">\n<li>en Internet Explorer (versi\u00f3n 10) se puede bloquear mediante la configuraci\u00f3n de gesti\u00f3n de cookies disponible en el men\u00fa \u201cHerramientas\u201d, \u201cOpciones de Internet\u201d, \u201cPrivacidad\u201d, \u201cAvanzado\u201d;<\/li>\n\n\n\n<li>en Firefox (versi\u00f3n 24) puede bloquear todas las cookies haciendo clic en &quot;Herramientas&quot; - &quot;Opciones&quot; - &quot;Privacidad&quot;: en el men\u00fa desplegable, seleccione &quot;Usar configuraci\u00f3n de historial personalizada&quot; y desmarque &quot;Aceptar cookies de sitios&quot;; y finalmente<\/li>\n\n\n\n<li>En Chrome (versi\u00f3n 29), puede bloquear todas las cookies yendo al men\u00fa &quot;Configuraci\u00f3n y controles&quot;, seleccionando &quot;Configuraci\u00f3n&quot; - &quot;Mostrar configuraci\u00f3n avanzada&quot; y &quot;Configuraci\u00f3n de contenido&quot;, y luego seleccionando &quot;Bloquear los sitios para que no env\u00eden datos&quot; en el encabezado &quot;Cookies&quot;.<\/li>\n<\/ol>\n<\/li>\n<\/ol>\n\n\n\n<p>Bloquear todas las cookies afectar\u00e1 negativamente la usabilidad de muchos sitios web. Si bloquea las cookies, no podr\u00e1 utilizar muchas funciones de nuestro sitio web.<\/p>\n\n\n\n<ol class=\"wp-block-list\" start=\"3\">\n<li>Puedes eliminar las cookies que ya est\u00e1n almacenadas en tu ordenador, por ejemplo:\n<ol class=\"wp-block-list\" type=\"a\">\n<li>En Internet Explorer (versi\u00f3n 10), debe eliminar las cookies manualmente (las instrucciones sobre c\u00f3mo hacerlo se pueden encontrar en&nbsp;<a href=\"http:\/\/support.microsoft.com\/kb\/278835\" target=\"_blank\" rel=\"noreferrer noopener nofollow\">http:\/\/support.microsoft.com\/kb\/278835<\/a>&nbsp;);<\/li>\n\n\n\n<li>en Firefox (versi\u00f3n 24), las cookies se pueden eliminar yendo al men\u00fa &quot;Herramientas&quot; - &quot;Opciones&quot; - &quot;Privacidad&quot;: en el men\u00fa desplegable, seleccione el elemento &quot;Usar configuraci\u00f3n de historial personalizada&quot;, haga clic en &quot;Mostrar cookies&quot; y luego en &quot;Eliminar todas las cookies&quot;;<\/li>\n\n\n\n<li>En Chrome (versi\u00f3n 29), puede eliminar todas las cookies yendo al men\u00fa &quot;Configuraci\u00f3n y controles&quot;, seleccionando &quot;Configuraci\u00f3n&quot; - &quot;Mostrar configuraci\u00f3n avanzada&quot; y &quot;Borrar datos de navegaci\u00f3n&quot;, y antes de eso, seleccionar &quot;Eliminar cookies y otros datos de sitios y complementos&quot;.<\/li>\n<\/ol>\n<\/li>\n\n\n\n<li>Eliminar las cookies tendr\u00e1 consecuencias negativas para la usabilidad de muchos sitios web.<\/li>\n<\/ol>","protected":false},"excerpt":{"rendered":"<p>A. \u0412\u0441\u0442\u0443\u043f \u0411. \u041f\u0440\u0430\u0432\u0430 \u0456\u043d\u0442\u0435\u043b\u0435\u043a\u0442\u0443\u0430\u043b\u044c\u043d\u043e\u0457 \u0432\u043b\u0430\u0441\u043d\u043e\u0441\u0442\u0456\u0426\u0435\u0439 \u0434\u043e\u043a\u0443\u043c\u0435\u043d\u0442 \u0431\u0443\u0432 \u0441\u0442\u0432\u043e\u0440\u0435\u043d\u0438\u0439 \u0437 \u0432\u0438\u043a\u043e\u0440\u0438\u0441\u0442\u0430\u043d\u043d\u044f\u043c \u0448\u0430\u0431\u043b\u043e\u043d\u0430 \u0456\u0437 \u0441\u0430\u0439\u0442\u0443 SEQ Legal (seqlegal.com) \u0442\u0430 \u043c\u043e\u0434\u0438\u0444\u0456\u043a\u043e\u0432\u0430\u043d\u0438\u0439 \u0432\u0435\u0431-\u0441\u0430\u0439\u0442\u043e\u043c Website Planet (www.websiteplanet.com) \u0412. \u0417\u0431\u0456\u0440 \u043f\u0435\u0440\u0441\u043e\u043d\u0430\u043b\u044c\u043d\u0438\u0445 \u0434\u0430\u043d\u0438\u0445 \u0417\u0431\u043e\u0440\u0443, \u0437\u0431\u0435\u0440\u0456\u0433\u0430\u043d\u043d\u044e \u0442\u0430 \u0432\u0438\u043a\u043e\u0440\u0438\u0441\u0442\u0430\u043d\u043d\u044e \u043f\u0456\u0434\u043b\u044f\u0433\u0430\u044e\u0442\u044c \u043d\u0430\u0441\u0442\u0443\u043f\u043d\u0456 \u0442\u0438\u043f\u0438 \u043f\u0435\u0440\u0441\u043e\u043d\u0430\u043b\u044c\u043d\u0438\u0445 \u0434\u0430\u043d\u0438\u0445: \u041f\u0435\u0440\u0435\u0434 \u0442\u0438\u043c, \u044f\u043a \u0440\u043e\u0437\u043a\u0440\u0438\u0442\u0438 \u0434\u043b\u044f \u043d\u0430\u0441 \u043f\u0435\u0440\u0441\u043e\u043d\u0430\u043b\u044c\u043d\u0443 \u0456\u043d\u0444\u043e\u0440\u043c\u0430\u0446\u0456\u044e \u0442\u0440\u0435\u0442\u044c\u043e\u0457 \u043e\u0441\u043e\u0431\u0438, \u0432\u0438 \u043c\u0430\u0454\u0442\u0435 \u043e\u0442\u0440\u0438\u043c\u0430\u0442\u0438 \u0437\u0433\u043e\u0434\u0443 \u0446\u0456\u0454\u0457 \u043e\u0441\u043e\u0431\u0438 \u044f\u043a \u043d\u0430 \u0440\u043e\u0437\u043a\u0440\u0438\u0442\u0442\u044f, [&hellip;]<\/p>\n","protected":false},"author":1,"featured_media":0,"parent":0,"menu_order":0,"comment_status":"closed","ping_status":"open","template":"","meta":{"_acf_changed":false,"footnotes":""},"class_list":["post-3","page","type-page","status-publish","hentry"],"acf":[],"_links":{"self":[{"href":"https:\/\/ucranianos.es\/es\/wp-json\/wp\/v2\/pages\/3","targetHints":{"allow":["GET"]}}],"collection":[{"href":"https:\/\/ucranianos.es\/es\/wp-json\/wp\/v2\/pages"}],"about":[{"href":"https:\/\/ucranianos.es\/es\/wp-json\/wp\/v2\/types\/page"}],"author":[{"embeddable":true,"href":"https:\/\/ucranianos.es\/es\/wp-json\/wp\/v2\/users\/1"}],"replies":[{"embeddable":true,"href":"https:\/\/ucranianos.es\/es\/wp-json\/wp\/v2\/comments?post=3"}],"version-history":[{"count":0,"href":"https:\/\/ucranianos.es\/es\/wp-json\/wp\/v2\/pages\/3\/revisions"}],"wp:attachment":[{"href":"https:\/\/ucranianos.es\/es\/wp-json\/wp\/v2\/media?parent=3"}],"curies":[{"name":"gracias","href":"https:\/\/api.w.org\/{rel}","templated":true}]}}